{"id":5774,"date":"2025-10-16T11:43:58","date_gmt":"2025-10-16T08:43:58","guid":{"rendered":"http:\/\/www.taskitap.com\/kitap\/gokturkce-ogreniyorum-gokbey-uluc"},"modified":"2025-10-16T11:43:58","modified_gmt":"2025-10-16T08:43:58","slug":"gokturkce-ogreniyorum-gokbey-uluc","status":"publish","type":"product","link":"https:\/\/www.taskitap.com\/en\/kitap\/gokturkce-ogreniyorum-gokbey-uluc","title":{"rendered":"G\u00f6kt\u00fcrk\u00e7e \u00d6\u011freniyorum &#8211; G\u00f6kbey Ulu\u00e7"},"content":{"rendered":"","protected":false},"excerpt":{"rendered":"<p>T\u00fcrk alfabesini\u00f1, b\u00e9lgelenebilir ~2500 y\u0131ll\u0131k bir ge\u00e7mi\u015fi bulunmaktad\u0131r. E\u00f1 sa\u011flam \u00fcr\u00fcnlerini G\u00f6kt\u00fcrkler d\u00f6neminde v\u00e9rmi\u015ftir; bunlar, g\u00fcn\u00fcm\u00fczde Orkun Yaz\u0131tlar\u0131 olarak a\u00f1\u0131l\u0131r. Ta\u015fa yaz\u0131lan bu yaz\u0131larla birlikte, ka\u011f\u0131t \u00fcst\u00fcne yaz\u0131l\u0131 \u00fcr\u00fcnlerimiz de bulunmaktad\u0131r.\u00a0T\u00fcrk alfabesini\u00f1, b\u00e9lgelenebilir ~2500 y\u0131ll\u0131k bir ge\u00e7mi\u015fi bulunmaktad\u0131r. E\u00f1 sa\u011flam \u00fcr\u00fcnlerini G\u00f6kt\u00fcrkler d\u00f6neminde v\u00e9rmi\u015ftir; bunlar, g\u00fcn\u00fcm\u00fczde Orkun Yaz\u0131tlar\u0131 olarak a\u00f1\u0131l\u0131r. Ta\u015fa yaz\u0131lan bu yaz\u0131larla birlikte, ka\u011f\u0131t \u00fcst\u00fcne yaz\u0131l\u0131 \u00fcr\u00fcnlerimiz de bulunmaktad\u0131r.<\/p>\n<p>Kitap bi\u00e7iminde bir de Irk Bitig adl\u0131 yap\u0131t g\u00fcn\u00fcm\u00fcze ula\u015fm\u0131\u015ft\u0131r. Uygurlar\u0131\u00f1 G\u00f6kt\u00fcrkleri y\u0131kmas\u0131ndan so\u00f1ra i\u015fler de\u011fi\u015fti. Kendi yaz\u0131 d\u00fczene\u011fimizi bir k\u0131y\u0131ya koyup So\u011fd k\u00f6kenli alfabeyi i\u015flekle\u015ftirmelerinden so\u00f1ra, ulusumuzda kopukluklar ya\u015fanmaya da ba\u015flam\u0131\u015f oldu. Odur, budur biz bir daha ortak bir yaz\u0131 d\u00fczene\u011fi kullanmad\u0131k. Kiril kullanan Asya T\u00fcrklerinde bile ortakl\u0131k yoktur. Birinde olan damga, bir ba\u015fkas\u0131nda bulunmaz.<\/p>\n<p>\u0130\u015fte! B\u00f6ylesi bir da\u011f\u0131n\u0131kl\u0131kta bile, biz y\u00e9\u00f1iden birle\u015febilece\u011fimizi, s\u00f6zlerimizi kendi yaz\u0131 d\u00fczene\u011fimiz ile somutla\u015ft\u0131rabilece\u011fimizi, elle tutulur duruma getirebilece\u011fimizi s\u00f6yl\u00fcyoruz.<\/p>\n<p>Bunu\u00f1 i\u00e7in \u00e7al\u0131\u015f\u0131yoruz; T\u00fcrk alfabesi y\u00e9\u00f1iden i\u015fleklik kazans\u0131n.<\/p>","protected":false},"featured_media":3961,"comment_status":"closed","ping_status":"open","template":"","meta":{"inline_featured_image":false},"product_cat":[326,327],"product_tag":[],"class_list":{"0":"post-5774","1":"product","2":"type-product","3":"status-publish","4":"has-post-thumbnail","6":"product_cat-arastirma-inceleme","7":"product_cat-dilbilim-kitaplari","8":"pa_boyut-16-x-24-cm","9":"pa_dil-turkce","10":"pa_sayfa-sayisi-324","11":"pa_yayin-tarihi-3-18-2025","12":"pa_yazar-gokbey-uluc","14":"first","15":"instock","16":"sale","17":"purchasable","18":"product-type-simple"},"_links":{"self":[{"href":"https:\/\/www.taskitap.com\/en\/wp-json\/wp\/v2\/product\/5774","targetHints":{"allow":["GET"]}}],"collection":[{"href":"https:\/\/www.taskitap.com\/en\/wp-json\/wp\/v2\/product"}],"about":[{"href":"https:\/\/www.taskitap.com\/en\/wp-json\/wp\/v2\/types\/product"}],"replies":[{"embeddable":true,"href":"https:\/\/www.taskitap.com\/en\/wp-json\/wp\/v2\/comments?post=5774"}],"wp:featuredmedia":[{"embeddable":true,"href":"https:\/\/www.taskitap.com\/en\/wp-json\/wp\/v2\/media\/3961"}],"wp:attachment":[{"href":"https:\/\/www.taskitap.com\/en\/wp-json\/wp\/v2\/media?parent=5774"}],"wp:term":[{"taxonomy":"product_cat","embeddable":true,"href":"https:\/\/www.taskitap.com\/en\/wp-json\/wp\/v2\/product_cat?post=5774"},{"taxonomy":"product_tag","embeddable":true,"href":"https:\/\/www.taskitap.com\/en\/wp-json\/wp\/v2\/product_tag?post=5774"}],"curies":[{"name":"wp","href":"https:\/\/api.w.org\/{rel}","templated":true}]}}