{"id":7257,"date":"2025-12-08T17:44:16","date_gmt":"2025-12-08T14:44:16","guid":{"rendered":"http:\/\/www.taskitap.com\/?page_id=7257"},"modified":"2025-12-08T17:44:16","modified_gmt":"2025-12-08T14:44:16","slug":"iletisim","status":"publish","type":"page","link":"http:\/\/www.taskitap.com\/en\/iletisim","title":{"rendered":"\u0130leti\u015fim"},"content":{"rendered":"<p><strong>\u00c7ALI\u015eMA \u0130M\u0130NLER\u0130:<\/strong><\/p>\n<p>Hafta i\u00e7in 10.00 &#8211; 19.00 aras\u0131ndad\u0131r.<\/p>\n<div class=\"elementor-element elementor-element-ef8ef41 elementor-widget elementor-widget-heading\" data-id=\"ef8ef41\" data-element_type=\"widget\" data-widget_type=\"heading.default\">\n<div class=\"elementor-widget-container\">\n<p class=\"elementor-heading-title elementor-size-default\">0850 241 7634<\/p>\n<\/div>\n<\/div>\n<div class=\"elementor-element elementor-element-0f326b4 elementor-widget elementor-widget-heading\" data-id=\"0f326b4\" data-element_type=\"widget\" data-widget_type=\"heading.default\">\n<div class=\"elementor-widget-container\">\n<p class=\"elementor-heading-title elementor-size-default\">Tevfikbey Mah. \u015eehit Adem Tamrak Sok. No: 2\/7, K\u00fc\u00e7\u00fck\u00e7ekmece, \u0130stanbul<\/p>\n<\/div>\n<\/div>","protected":false},"excerpt":{"rendered":"<p>\u00c7ALI\u015eMA \u0130M\u0130NLER\u0130: Hafta i\u00e7in 10.00 &#8211; 19.00 aras\u0131ndad\u0131r. 0850 241 7634 Tevfikbey Mah. \u015eehit Adem Tamrak Sok. No: 2\/7, K\u00fc\u00e7\u00fck\u00e7ekmece, \u0130stanbul<\/p>","protected":false},"author":2,"featured_media":0,"parent":0,"menu_order":0,"comment_status":"closed","ping_status":"closed","template":"","meta":{"inline_featured_image":false,"footnotes":""},"class_list":["post-7257","page","type-page","status-publish","hentry"],"_links":{"self":[{"href":"http:\/\/www.taskitap.com\/en\/wp-json\/wp\/v2\/pages\/7257","targetHints":{"allow":["GET"]}}],"collection":[{"href":"http:\/\/www.taskitap.com\/en\/wp-json\/wp\/v2\/pages"}],"about":[{"href":"http:\/\/www.taskitap.com\/en\/wp-json\/wp\/v2\/types\/page"}],"author":[{"embeddable":true,"href":"http:\/\/www.taskitap.com\/en\/wp-json\/wp\/v2\/users\/2"}],"replies":[{"embeddable":true,"href":"http:\/\/www.taskitap.com\/en\/wp-json\/wp\/v2\/comments?post=7257"}],"version-history":[{"count":1,"href":"http:\/\/www.taskitap.com\/en\/wp-json\/wp\/v2\/pages\/7257\/revisions"}],"predecessor-version":[{"id":7258,"href":"http:\/\/www.taskitap.com\/en\/wp-json\/wp\/v2\/pages\/7257\/revisions\/7258"}],"wp:attachment":[{"href":"http:\/\/www.taskitap.com\/en\/wp-json\/wp\/v2\/media?parent=7257"}],"curies":[{"name":"wp","href":"https:\/\/api.w.org\/{rel}","templated":true}]}}