{"id":7255,"date":"2025-12-08T17:42:53","date_gmt":"2025-12-08T14:42:53","guid":{"rendered":"http:\/\/www.taskitap.com\/?page_id=7255"},"modified":"2025-12-08T17:42:53","modified_gmt":"2025-12-08T14:42:53","slug":"banka-hesaplarimiz","status":"publish","type":"page","link":"http:\/\/www.taskitap.com\/en\/banka-hesaplarimiz","title":{"rendered":"Banka Hesaplar\u0131m\u0131z"},"content":{"rendered":"<p><strong>ENPARA BANK<\/strong><br \/>\nHesap Ad\u0131: Kutlu Yay\u0131nevi Bas\u0131m Yay\u0131m Da\u011f\u0131t\u0131m Limited \u015eirketi<br \/>\nIBAN: TR05 0015 7000 0000 0099 4058 22<\/p>\n<p><strong>Z\u0130RAAT BANKASI<\/strong><br \/>\nHesap Ad\u0131: Kutlu Yay\u0131nevi Bas\u0131m Yay\u0131m Da\u011f\u0131t\u0131m Limited \u015eirketi<br \/>\nIBAN: TR84 0001 0008 3797 5713 9750 01<\/p>\n<p><strong>YAPI KRED\u0130 BANKASI<\/strong><br \/>\nHesap Ad\u0131: Kutlu Yay\u0131nevi Bas\u0131m Yay\u0131m Da\u011f\u0131t\u0131m Limited \u015eirketi<br \/>\nIBAN: TR41 0006 7010 0000 0098 7013 22<\/p>","protected":false},"excerpt":{"rendered":"<p>ENPARA BANK Hesap Ad\u0131: Kutlu Yay\u0131nevi Bas\u0131m Yay\u0131m Da\u011f\u0131t\u0131m Limited \u015eirketi IBAN: TR05 0015 7000 0000 0099 4058 22 Z\u0130RAAT BANKASI Hesap Ad\u0131: Kutlu Yay\u0131nevi Bas\u0131m Yay\u0131m Da\u011f\u0131t\u0131m Limited \u015eirketi IBAN: TR84 0001 0008 3797 5713 9750 01 YAPI KRED\u0130 BANKASI Hesap Ad\u0131: Kutlu Yay\u0131nevi Bas\u0131m Yay\u0131m Da\u011f\u0131t\u0131m Limited \u015eirketi IBAN: TR41 0006 7010 0000 [&hellip;]<\/p>","protected":false},"author":2,"featured_media":0,"parent":0,"menu_order":0,"comment_status":"closed","ping_status":"closed","template":"","meta":{"inline_featured_image":false,"footnotes":""},"class_list":["post-7255","page","type-page","status-publish","hentry"],"_links":{"self":[{"href":"http:\/\/www.taskitap.com\/en\/wp-json\/wp\/v2\/pages\/7255","targetHints":{"allow":["GET"]}}],"collection":[{"href":"http:\/\/www.taskitap.com\/en\/wp-json\/wp\/v2\/pages"}],"about":[{"href":"http:\/\/www.taskitap.com\/en\/wp-json\/wp\/v2\/types\/page"}],"author":[{"embeddable":true,"href":"http:\/\/www.taskitap.com\/en\/wp-json\/wp\/v2\/users\/2"}],"replies":[{"embeddable":true,"href":"http:\/\/www.taskitap.com\/en\/wp-json\/wp\/v2\/comments?post=7255"}],"version-history":[{"count":1,"href":"http:\/\/www.taskitap.com\/en\/wp-json\/wp\/v2\/pages\/7255\/revisions"}],"predecessor-version":[{"id":7256,"href":"http:\/\/www.taskitap.com\/en\/wp-json\/wp\/v2\/pages\/7255\/revisions\/7256"}],"wp:attachment":[{"href":"http:\/\/www.taskitap.com\/en\/wp-json\/wp\/v2\/media?parent=7255"}],"curies":[{"name":"wp","href":"https:\/\/api.w.org\/{rel}","templated":true}]}}